{"id":439,"date":"2017-03-13T03:57:33","date_gmt":"2017-03-13T02:57:33","guid":{"rendered":"http:\/\/www.papillesetpapiers.fr\/?page_id=439"},"modified":"2017-03-19T20:03:20","modified_gmt":"2017-03-19T19:03:20","slug":"menus-m-m-m-m-menus-a-theme","status":"publish","type":"page","link":"http:\/\/www.papillesetpapiers.fr\/?page_id=439","title":{"rendered":"Menus M.M.M.M&#8230; Menus \u00e0 th\u00e8me&#8230;"},"content":{"rendered":"<h1 class=\"p1\"><\/h1>\n<blockquote>\n<h1 class=\"p1\" style=\"text-align: center;\"><span style=\"color: #bd1502;\"><em><span class=\"s1\"><b>MENUS<\/b><\/span><\/em><\/span><\/h1>\n<h1 class=\"p1\" style=\"text-align: center;\"><span style=\"color: #ff0000;\"><em><span class=\"s1\"><b><span style=\"color: #bd1502;\">M<\/span><span style=\"color: #000000;\">.<\/span><span style=\"color: #bd1502;\">M<\/span><span style=\"color: #000000;\">.<\/span><span style=\"color: #bd1502;\">M<\/span><span style=\"color: #000000;\">.<\/span><span style=\"color: #bd1502;\">M<\/span><span style=\"color: #000000;\">&#8230;<\/span><\/b><\/span><\/em><\/span><\/h1>\n<h2 class=\"p1\" style=\"text-align: center;\"><span style=\"color: #ff0000;\"><em><span class=\"s1\"><b><span style=\"color: #bd1502;\">M<\/span><span style=\"color: #000000;\">\u00caLER LES<\/span> <span style=\"color: #bd1502;\">M<\/span><span style=\"color: #000000;\">ETS,<\/span><\/b><\/span><\/em><\/span><\/h2>\n<h2 class=\"p1\" style=\"text-align: center;\"><span style=\"color: #ff0000;\"><em><span class=\"s1\"><b><span style=\"color: #000000;\">LES<\/span> <span style=\"color: #bd1502;\">M<\/span><span style=\"color: #000000;\">OTS, LA<\/span> <span style=\"color: #bd1502;\">M<\/span><span style=\"color: #000000;\">USIQUE<\/span><span style=\"color: #bd1502;\">&#8230;<\/span><\/b><\/span><\/em><\/span><\/h2>\n<\/blockquote>\n<h2 class=\"p1\"><\/h2>\n<h1 class=\"p1\" style=\"text-align: center;\"><strong>Le concept :<\/strong><\/h1>\n<p class=\"p2\" style=\"text-align: left;\">Apr\u00e8s avoir cr\u00e9\u00e9 le repas-spectacle \u201cPapille et Papier\u201d, puis l\u2019entreprise\u00a0Papilles &amp; Papiers, je souhaite d\u00e9velopper ce qui fait ma sp\u00e9cificit\u00e9\u00a0: <span class=\"s1\" style=\"color: #bd1502;\"><b>M<\/b><\/span><b>\u00ealer les <\/b><span class=\"s1\" style=\"color: #bd1502;\"><b>M<\/b><\/span><b>ets, les <\/b><span class=\"s1\" style=\"color: #bd1502;\"><b>M<\/b><\/span><b>ots, la <\/b><span class=\"s1\" style=\"color: #bd1502;\"><b>M<\/b><\/span><b>usique<\/b><span class=\"s1\" style=\"color: #ff0000;\"><b><span style=\"color: #bd1502;\">&#8230;<\/span> <\/b><\/span>lors de moments festifs et\u00a0conviviaux.<\/p>\n<p class=\"p2\" style=\"text-align: left;\">Comme la po\u00e9sie et la cuisine, la musique est un art \u00e0 travers lequel s\u2019expriment\u00a0\u00e9motions, partage, m\u00e9tissages, histoires et Histoire&#8230; C\u2019est donc tout naturellement\u00a0que j\u2019ai con\u00e7u des \u00abMenus Musicaux\u00bb, sur le m\u00eame principe que\u00a0le spectacle \u201cPapille et Papier\u201d, en associant des mets \u00e0 des titres ou \u00e0 des\u00a0paroles de morceaux, essentiellement issus des musiques noires am\u00e9ricaines.<\/p>\n<p class=\"p2\" style=\"text-align: left;\">C\u2019est \u00e0 ces musiques qu\u2019est li\u00e9e l\u2019expression de \u00abSoul Food\u00bb, qui caract\u00e9rise\u00a0la cuisine du Sud des USA (Louisiane, Mississippi, Caroline du Sud&#8230;).\u00a0La Soul Food est une cuisine familiale et \u00abcr\u00e9olis\u00e9e\u00bb, qui m\u00eale l\u2019h\u00e9ritage des\u00a0esclaves Africains, aux produits du Nouveau Monde (ma\u00efs, manioc, patate\u00a0douce&#8230;), aux Cultures Cajun et Cr\u00e9ole, ainsi qu\u2019\u00e0 la Cuisine Fran\u00e7aise dont\u00a0elle garde d\u2019ailleurs les traces dans ses \u00e9nonc\u00e9s tels que&#8230; Roux, Casserole,\u00a0\u00c9touff\u00e9e&#8230;<\/p>\n<p class=\"p2\" style=\"text-align: left;\">Cette d\u00e9finition de la Soul Food est en \u00e9troite correspondance avec\u00a0mon approche de la cuisine, \u00e0 laquelle il convient cependant d\u2019ajouter une forte\u00a0influence asiatique !<\/p>\n<blockquote>\n<h1 class=\"p1\" style=\"text-align: center;\"><span style=\"color: #ff0000;\"><em><span class=\"s1\"><b><span style=\"color: #000000;\">*<\/span><span style=\"color: #bd1502;\">Menu Funky Trip\u00a0<\/span><span style=\"color: #000000;\">*<\/span><\/b><\/span><\/em><\/span><\/h1>\n<p>&nbsp;<\/p>\n<h3 class=\"p2\" style=\"text-align: center;\"><b>Entr\u00e9e + Plat + Dessert + Funky Playlist<\/b><\/h3>\n<\/blockquote>\n<p><img loading=\"lazy\" decoding=\"async\" class=\"wp-image-268 aligncenter\" src=\"http:\/\/www.papillesetpapiers.fr\/wp-content\/uploads\/2016\/09\/maki-2-1-e1487684453814-427x640.jpg\" alt=\"Makis &quot;I want you back&quot;\" width=\"373\" height=\"559\" \/><\/p>\n<h4 class=\"p2\" style=\"text-align: center;\"><strong>* Entr\u00e9e :<span class=\"Apple-converted-space\">\u00a0\u00a0Makis <em>\u00ab\u00a0I want you back\u00a0\u00bb<\/em><\/span><\/strong><\/h4>\n<p class=\"p2\" style=\"text-align: center;\"><b>sur <i>\u00ab\u00a0ABC\u00a0\u00bb et\u00a0<span class=\"Apple-converted-space\">\u00ab\u00a0I want you back\u00a0\u00bb\u00a0<\/span>des\u00a0Jackson 5<\/i><\/b><\/p>\n<p class=\"p2\" style=\"text-align: center;\">Makis cr\u00e9olis\u00e9s : morue, kiwi, betterave et Chutney mangue-abricot-coriandre<\/p>\n<h4 class=\"p2\" style=\"text-align: center;\"><b>* Plat : Hot Chocolate <em>Funky Chicken<\/em>,\u00a0\u00a0<i>Mashed Potatoes <\/i>Trio et carottes glac\u00e9es<\/b><\/h4>\n<p class=\"p2\" style=\"text-align: center;\"><b>sur <i>\u00ab\u00a0Do the Funky chicken\u00a0\u00bb de Rufus Thomas &#8211; \u00ab\u00a0Chocolate\u00a0\u00bb de The Time &#8211; \u00ab\u00a0Gravy\u00a0\u00bb et \u00ab\u00a0Mashed Potato Time\u00a0\u00bb de Dee Dee Sharp<\/i><\/b><\/p>\n<p class=\"p2\" style=\"text-align: center;\">Plat mexicain : poulet au chocolat, amandes, cacahu\u00e8tes, poivrons et \u00e9pices<b> <\/b>et Ecras\u00e9 de Pommes de terre &#8211; patate douce- chapelure de Vitelotte<\/p>\n<h4 class=\"p2\" style=\"text-align: center;\"><b>* Dessert : Financier Farceur Farci<\/b><\/h4>\n<p class=\"p2\" style=\"text-align: center;\"><b><\/b>Financier aux Amandes, Carottes, paillettes gingembre confit,<\/p>\n<p class=\"p2\" style=\"text-align: center;\">farci \u00e0 la Cr\u00e8me d&rsquo;avocat citronn\u00e9e<\/p>\n<p class=\"p2\"><img loading=\"lazy\" decoding=\"async\" class=\"wp-image-269 aligncenter\" src=\"http:\/\/www.papillesetpapiers.fr\/wp-content\/uploads\/2016\/09\/FFF-2-595x892.jpg\" alt=\"Financiers Farceurs Farcis\" width=\"386\" height=\"579\" srcset=\"http:\/\/www.papillesetpapiers.fr\/wp-content\/uploads\/2016\/09\/FFF-2-595x892.jpg 595w, http:\/\/www.papillesetpapiers.fr\/wp-content\/uploads\/2016\/09\/FFF-2-768x1152.jpg 768w, http:\/\/www.papillesetpapiers.fr\/wp-content\/uploads\/2016\/09\/FFF-2-960x1440.jpg 960w\" sizes=\"(max-width: 386px) 100vw, 386px\" \/><\/p>\n<!--[if lt IE 9]><script>document.createElement('audio');<\/script><![endif]-->\n<audio class=\"wp-audio-shortcode\" id=\"audio-439-1\" preload=\"none\" style=\"width: 100%;\" controls=\"controls\"><source type=\"audio\/mpeg\" src=\"http:\/\/www.papillesetpapiers.fr\/wp-content\/uploads\/2016\/09\/New-Funk-Generation-FFF.mp3?_=1\" \/><a href=\"http:\/\/www.papillesetpapiers.fr\/wp-content\/uploads\/2016\/09\/New-Funk-Generation-FFF.mp3\">http:\/\/www.papillesetpapiers.fr\/wp-content\/uploads\/2016\/09\/New-Funk-Generation-FFF.mp3<\/a><\/audio>\n<p style=\"text-align: center;\"><b>sur <i>\u00ab\u00a0New Funk Generation\u00a0\u00bb et \u00ab\u00a0Marco\u00a0\u00bb de la F.F.F. <\/i><\/b><i>(F\u00e9d\u00e9ration Fran\u00e7aise de Fonck)<\/i><\/p>\n<p style=\"text-align: center;\"><i>\u00a0<b>&#8211;\u00a0<\/b><b>\u00ab\u00a0Miracle Man\u00a0\u00bb de Dorothy Black<\/b><\/i><\/p>\n<h4 class=\"p2\"><b><span style=\"text-decoration: underline;\">TARIFS<\/span> :<\/b><\/h4>\n<h4 class=\"p2\"><b>38\u20ac\/pers &#8211;\u00a0pour 8 pers &#8211;\u00a0<\/b>ou<b>\u00a048\u20ac\/pers avec Vin <\/b>(3 verres)<\/h4>\n<h4 class=\"p2\">(d\u00e9gressif \u00e0 partir de 10 personnes &#8211; <span style=\"color: #bd1502;\"><a style=\"color: #bd1502;\" href=\"http:\/\/www.papillesetpapiers.fr\/wp-content\/uploads\/2017\/03\/Grille_Tarifs_Papilles_et_Papiers_Cuisine_a_domicile.jpg\">Grille tarifaire<\/a><\/span>)<\/h4>\n<blockquote>\n<h1 class=\"p1\" style=\"text-align: center;\"><span style=\"color: #ff0000;\"><em><span class=\"s1\"><b><span style=\"color: #000000;\">*\u00a0<\/span><\/b><\/span><\/em><\/span><span style=\"color: #bd1502;\"><strong><em>Menu Jazz for Soul\u00a0<\/em><\/strong><\/span><span style=\"color: #ff0000;\"><em><span class=\"s1\"><b><span style=\"color: #000000;\">*<\/span><\/b><\/span><\/em><\/span><\/h1>\n<\/blockquote>\n<figure id=\"attachment_285\" aria-describedby=\"caption-attachment-285\" style=\"width: 298px\" class=\"wp-caption aligncenter\"><img loading=\"lazy\" decoding=\"async\" class=\" wp-image-285\" src=\"http:\/\/www.papillesetpapiers.fr\/wp-content\/uploads\/2016\/05\/salade-de-fruits-1.jpg\" alt=\"&quot;And it's supposed to be Love&quot; : Nage de fruits \u00e0 l'infusion d'hibiscus Karcad\u00e9 et \u00e0 l'eau de rose\" width=\"298\" height=\"446\" srcset=\"http:\/\/www.papillesetpapiers.fr\/wp-content\/uploads\/2016\/05\/salade-de-fruits-1.jpg 3840w, http:\/\/www.papillesetpapiers.fr\/wp-content\/uploads\/2016\/05\/salade-de-fruits-1-595x893.jpg 595w, http:\/\/www.papillesetpapiers.fr\/wp-content\/uploads\/2016\/05\/salade-de-fruits-1-768x1152.jpg 768w, http:\/\/www.papillesetpapiers.fr\/wp-content\/uploads\/2016\/05\/salade-de-fruits-1-960x1440.jpg 960w\" sizes=\"(max-width: 298px) 100vw, 298px\" \/><figcaption id=\"caption-attachment-285\" class=\"wp-caption-text\">DESSERT : \u00ab\u00a0AND IT&rsquo;S SUPPOSED TO BE LOVE\u00a0\u00bb NAGE DE FRUITS \u00c0 L&rsquo;INFUSION D&rsquo;HIBISCUS KARCAD\u00c9 ET \u00c0 L&rsquo;EAU DE ROSE<\/figcaption><\/figure>\n<p style=\"text-align: center;\">&#8211; Abbey Lincoln &#8211;<\/p>\n<audio class=\"wp-audio-shortcode\" id=\"audio-439-2\" preload=\"none\" style=\"width: 100%;\" controls=\"controls\"><source type=\"audio\/mpeg\" src=\"http:\/\/www.papillesetpapiers.fr\/wp-content\/uploads\/2016\/05\/03-and-its-supposed-to-be-love.mp3?_=2\" \/><a href=\"http:\/\/www.papillesetpapiers.fr\/wp-content\/uploads\/2016\/05\/03-and-its-supposed-to-be-love.mp3\">http:\/\/www.papillesetpapiers.fr\/wp-content\/uploads\/2016\/05\/03-and-its-supposed-to-be-love.mp3<\/a><\/audio>\n<blockquote>\n<h1 class=\"p1\" style=\"text-align: center;\"><span style=\"color: #ff0000;\"><em><span class=\"s1\"><b><span style=\"color: #000000;\">*\u00a0<\/span><\/b><\/span><\/em><\/span><span style=\"color: #bd1502;\"><em><strong>Menu New Orleans<\/strong><\/em><\/span><em><strong>*<\/strong><\/em><\/h1>\n<\/blockquote>\n<figure id=\"attachment_274\" aria-describedby=\"caption-attachment-274\" style=\"width: 299px\" class=\"wp-caption aligncenter\"><img loading=\"lazy\" decoding=\"async\" class=\" wp-image-274\" src=\"http:\/\/www.papillesetpapiers.fr\/wp-content\/uploads\/2016\/09\/soupe-1-480x640.jpg\" alt=\"Velout\u00e9 Potimarron \/ Patate douce \/ Lait de coco \/ Gingembre \/ Poudre de crevettes s\u00e9ch\u00e9es\" width=\"299\" height=\"399\" \/><figcaption id=\"caption-attachment-274\" class=\"wp-caption-text\">ENTR\u00c9E : SOUPE \u00ab\u00a0I FEEL LIKE PUMPKIN&rsquo; IT UP !\u00a0\u00bb POTIMARRON \/ PATATE DOUCE \/ LAIT DE COCO \/ GINGEMBRE \/ POUDRE DE CREVETTES S\u00c9CH\u00c9ES<\/figcaption><\/figure>\n<p style=\"text-align: center;\">&#8211; Rebirth Brass Band &#8211;<\/p>\n<audio class=\"wp-audio-shortcode\" id=\"audio-439-3\" preload=\"none\" style=\"width: 100%;\" controls=\"controls\"><source type=\"audio\/mpeg\" src=\"http:\/\/www.papillesetpapiers.fr\/wp-content\/uploads\/2016\/05\/02-I-Feel-Like-Funkin-It-Up-Exten.mp3?_=3\" \/><a href=\"http:\/\/www.papillesetpapiers.fr\/wp-content\/uploads\/2016\/05\/02-I-Feel-Like-Funkin-It-Up-Exten.mp3\">http:\/\/www.papillesetpapiers.fr\/wp-content\/uploads\/2016\/05\/02-I-Feel-Like-Funkin-It-Up-Exten.mp3<\/a><\/audio>\n<p>&nbsp;<\/p>\n<blockquote>\n<h1 class=\"p1\" style=\"text-align: center;\"><span style=\"color: #ff0000;\"><em><span class=\"s1\"><b><span style=\"color: #000000;\">*\u00a0<\/span><\/b><\/span><\/em><\/span><span style=\"color: #bd1502;\"><em><strong>Menu Afropolitain\u00a0<\/strong><\/em><\/span><span style=\"color: #ff0000;\"><em><span class=\"s1\"><b><span style=\"color: #000000;\">*<\/span><\/b><\/span><\/em><\/span><\/h1>\n<\/blockquote>\n<h2 class=\"p1\" style=\"text-align: center;\"><strong>\u00c0 LA DEMANDE :<\/strong> (PAPILLESETPAPIERS@GMAIL.COM)<\/h2>\n<h3 style=\"text-align: center;\"><span style=\"color: #bd1502;\"><a style=\"color: #bd1502;\" href=\"http:\/\/www.papillesetpapiers.fr\/wp-content\/uploads\/2016\/09\/Cataloque-Papilles_et_Papiers.pdf\" target=\"_blank\">T\u00e9l\u00e9charger le Catalogue M.M.M.M&#8230;<\/a><\/span><\/h3>\n<blockquote>\n<h1 class=\"p2\" style=\"text-align: center;\"><\/h1>\n<h1 class=\"p2\" style=\"text-align: center;\"><span style=\"color: #bd1502;\"><em><span class=\"s1\"><b>AUTRES<\/b><\/span><\/em><\/span><\/h1>\n<h1 class=\"p2\" style=\"text-align: center;\"><span style=\"color: #bd1502;\"><em><span class=\"s1\"><b>TH\u00c8MES<\/b><\/span><\/em><\/span><\/h1>\n<\/blockquote>\n<h1 class=\"p1\" style=\"text-align: center;\"><span style=\"color: #ff0000;\"><em><span class=\"s1\"><b><span style=\"color: #000000;\">*<\/span> <span style=\"color: #bd1502;\">Menu\u00a0<\/span><\/b><\/span><\/em><\/span><span style=\"color: #bd1502;\"><em><span class=\"s1\"><b>Escales m\u00e9tiss\u00e9es\u00a0<\/b><\/span><\/em><\/span><span style=\"color: #ff0000;\"><em><span class=\"s1\"><b><span style=\"color: #000000;\">*<\/span><\/b><\/span><\/em><\/span><\/h1>\n<p class=\"p2\" style=\"text-align: center;\"><b>* Entr\u00e9e : Rouleaux de printemps voyageurs<\/b><\/p>\n<p class=\"p2\" style=\"text-align: center;\">au Jambon Sec ou Crevettes + mangue\/ roquette\/ coriandre\/ s\u00e9same + sauce m\u00e9lasse de\u00a0grenade\/soja<\/p>\n<p class=\"p2\" style=\"text-align: center;\">ou <b>Tartare de poisson blanc, Mesclun et fruits acidul\u00e9s<\/b><\/p>\n<p class=\"p2\" style=\"text-align: center;\">aux algues, coriandre, gingembre et citron vert<\/p>\n<p class=\"p2\" style=\"text-align: center;\"><b>* Plat s\u00e9n\u00e9galais : Poulet <\/b>ou<b> Brochette de la Mer\u00a0Sauce Yassa<\/b><\/p>\n<p class=\"p2\" style=\"text-align: center;\">(marin\u00e9 citron et oignons),<span class=\"Apple-converted-space\">\u00a0 <\/span>garni de riz et l\u00e9gumes<\/p>\n<p class=\"p2\" style=\"text-align: center;\"><span class=\"Apple-converted-space\">\u00a0 \u00a0 <\/span>ou<b><span class=\"Apple-converted-space\">\u00a0 <\/span>Maf\u00e9<\/b><b>\u00a0Poulet ou V\u00e9g\u00e9tarien<\/b><\/p>\n<p class=\"p2\" style=\"text-align: center;\">(sauce arachide)\u00a0garni de riz et l\u00e9gumes<\/p>\n<p class=\"p2\" style=\"text-align: center;\"><b>* Dessert : Crumble Tatin Carotte\/ Banane\/ Balsamique et Cr\u00e8me cannelle<\/b><\/p>\n<p class=\"p2\" style=\"text-align: center;\">ou<b> Salade ou Compot\u00e9e de fruits de saison au sirop d&rsquo;hibiscus<\/b><\/p>\n<p class=\"p2\" style=\"text-align: center;\"><b><\/b>ou<b> Nems de Banane et Sauce chocolat au piment<\/b><\/p>\n<blockquote>\n<p class=\"p2\"><b><img loading=\"lazy\" decoding=\"async\" class=\"wp-image-275 alignnone\" title=\"Crumble tatin Carotte Banane Balsamique, cro\u00fbte amandes muscade\" src=\"http:\/\/www.papillesetpapiers.fr\/wp-content\/uploads\/2016\/09\/tatin-crumble-595x893.jpg\" alt=\"Crumble Tatin Carotte Banane Balsamique\" width=\"380\" height=\"571\" \/><\/b><\/p>\n<\/blockquote>\n<h4 class=\"p2\" style=\"padding-left: 30px;\"><b><span style=\"text-decoration: underline;\">TARIFS<\/span>\u00a0:<\/b><\/h4>\n<h4 class=\"p2\" style=\"padding-left: 30px;\"><b>&#8211; 23\u20ac\/pers \/ 8 pers\u00a0<\/b><b>&#8211; 21<\/b><b>\u20ac\/<\/b><b>pers \/\u00a012 pers\u00a0(d\u00e9gressifs)<\/b><\/h4>\n<blockquote>\n<h2 class=\"p2\" style=\"text-align: center;\"><em><span class=\"s1\"><b><span style=\"color: #ff0000;\"><span style=\"color: #bd1502;\">*<\/span>\u00a0<\/span>AUTRES \u00a0<\/b><\/span><\/em><em><span class=\"s1\"><b>MENUS TH\u00c9MATIQUES\u00a0<\/b><\/span><\/em><em><span class=\"s1\"><b>\u00c0 LA DEMANDE :<\/b><\/span><\/em><\/h2>\n<h2 class=\"p2\" style=\"text-align: center;\"><em><span class=\"s1\"><b>(PAPILLESETPAPIERS@GMAIL.COM)<\/b><\/span><\/em><\/h2>\n<\/blockquote>\n<p class=\"p3\" style=\"text-align: center;\"><span style=\"color: #bd1502;\"><b><em>* Tapas Aux d\u00e9tours du Monde\u2026<\/em>\u00a0<\/b><\/span>Exemples :<b> <\/b>Friands jama\u00efcains, Feuillet\u00e9s de poissons s\u00e9n\u00e9galais, Wraps m\u00e9tiss\u00e9s, Makis cr\u00e9olis\u00e9s, Rouleaux de printemps voyageurs, Cup cakes sal\u00e9s, Brochettes au satay, Yakitoris, Verrines Salades, Dips\u2026<\/p>\n<p class=\"p3\" style=\"text-align: center;\"><span style=\"color: #bd1502;\"><em><b>* Destinations :<\/b><\/em><\/span><\/p>\n<p class=\"p3\" style=\"text-align: center;\"><span style=\"color: #bd1502;\"><em><b>Afrique<\/b> <\/em><\/span>(S\u00e9n\u00e9gal, Mali, C\u00f4te d&rsquo;Ivoire, Magreb\u2026), exemples :\u00a0Yassa, Maf\u00e9, Atti\u00e9k\u00e9 (couscous manioc), Boulettes de poisson, Tajines, Couscous\u2026<\/p>\n<p class=\"p3\" style=\"text-align: center;\"><span style=\"color: #bd1502;\"><em><b>Am\u00e9riques<\/b><\/em> <\/span>(Soul Food USA, Mexique, Cara\u00efbes\u2026), exemples : Black-eyed peas Caviar, Muffin Patate douce et crabe, Cornbread, Tomato-Bacon Jam, Jambalaya, Dirty Rice, Mol\u00e9, Empanadas, Fajitas, Colombo, Poulet Ananas, Accras\u2026<\/p>\n<p class=\"p3\" style=\"text-align: center;\"><span style=\"color: #bd1502;\"><em><b>Asie<\/b><\/em><\/span> (Vietnam, Tha\u00eflande, Inde, Japon\u2026), exemples : Nems, Rouleaux Printemps Voyageurs, Woks, Satay, Pad Tha\u00ef, Currys, Dahl, Sushis, Makis, Soupes\u2026<\/p>\n<p><img loading=\"lazy\" decoding=\"async\" class=\"aligncenter wp-image-334\" style=\"line-height: 25.92px; text-align: center;\" title=\"Brochettes de tofu Marin\u00e9 et Pan\u00e9 au Satay, Wok de l\u00e9gumes Shop Suey et Nouilles de Riz, Sauce Satay, s\u00e9same, cacahu\u00e8tes pil\u00e9es\" src=\"http:\/\/www.papillesetpapiers.fr\/wp-content\/uploads\/2016\/09\/sate\u0301-2-480x640.jpg\" alt=\"satay\" width=\"399\" height=\"532\" \/><\/p>\n<p class=\"p3\" style=\"text-align: center;\"><span style=\"color: #bd1502;\"><em><b>Europe<\/b><\/em><\/span> (France, Italie, M\u00e9diterran\u00e9e), exemples : Poulet au cidre, Crumble de poisson au chorizo, Lasagnes blanches de la mer, Ceviche de daurade au tartare d&rsquo;algues bretonnes, Moussaka, Cigares de bricks f\u00e9ta\/menthe\u2026<\/p>\n<h1 class=\"p3\" style=\"text-align: center;\"><span style=\"color: #000000;\"><em><b>*<\/b><\/em><\/span><span style=\"color: #bd1502;\"><em><b> Menu<\/b><\/em><\/span><\/h1>\n<h1 class=\"p3\" style=\"text-align: center;\"><span style=\"color: #bd1502;\"><em><b>\u00ab\u00a0Passer \u00e0 l&rsquo;orange\u00a0\u00bb\u00a0<\/b><\/em><\/span><span style=\"color: #000000;\"><em><b>*<\/b><\/em><\/span><\/h1>\n<h3 class=\"p3\" style=\"text-align: center;\"><span style=\"color: #bd1502;\"><em><b>(Automne-Hiver)<\/b><\/em><\/span><\/h3>\n<p><img loading=\"lazy\" decoding=\"async\" class=\"aligncenter wp-image-271\" title=\"Dip Houmous de lentilles corail aux poivrons marin\u00e9s et curcuma\" src=\"http:\/\/www.papillesetpapiers.fr\/wp-content\/uploads\/2016\/09\/dip-lentilles-480x640.jpg\" alt=\"Dip Houmous de lentilles corail aux poivrons marin\u00e9s et curcuma\" width=\"293\" height=\"391\" \/><\/p>\n<p><img loading=\"lazy\" decoding=\"async\" class=\"aligncenter wp-image-270\" title=\"Crevettes aux abricots secs, citron, cumin, coriandre - Butternut Laqu\u00e9 - Couscous et Quinoa aux \u00e9pices et \u00e0 l'huile rouge\" src=\"http:\/\/www.papillesetpapiers.fr\/wp-content\/uploads\/2016\/09\/crevettes-595x893.jpg\" alt=\"Crevettes aux abricots secs, cumin, coriandre, Butternut Laqu\u00e9, Couscous et Quinoa \u00e0 l'huile rouge et au curcuma\" width=\"294\" height=\"441\" srcset=\"http:\/\/www.papillesetpapiers.fr\/wp-content\/uploads\/2016\/09\/crevettes-595x893.jpg 595w, http:\/\/www.papillesetpapiers.fr\/wp-content\/uploads\/2016\/09\/crevettes-768x1152.jpg 768w, http:\/\/www.papillesetpapiers.fr\/wp-content\/uploads\/2016\/09\/crevettes-960x1440.jpg 960w\" sizes=\"(max-width: 294px) 100vw, 294px\" \/><sub><cite><img loading=\"lazy\" decoding=\"async\" class=\"aligncenter wp-image-272\" title=\"Nage d'agrumes au sirop de Th\u00e9 Tcha\u00ef Massala (m\u00e9lange d'\u00e9pices indiennes)\" src=\"http:\/\/www.papillesetpapiers.fr\/wp-content\/uploads\/2016\/09\/salade-dorange-2-595x893.jpg\" alt=\"Nage d'agrumes\" width=\"293\" height=\"440\" srcset=\"http:\/\/www.papillesetpapiers.fr\/wp-content\/uploads\/2016\/09\/salade-dorange-2-595x893.jpg 595w, http:\/\/www.papillesetpapiers.fr\/wp-content\/uploads\/2016\/09\/salade-dorange-2-768x1152.jpg 768w, http:\/\/www.papillesetpapiers.fr\/wp-content\/uploads\/2016\/09\/salade-dorange-2-960x1440.jpg 960w\" sizes=\"(max-width: 293px) 100vw, 293px\" \/><\/cite><\/sub><\/p>\n<p><img loading=\"lazy\" decoding=\"async\" class=\"aligncenter wp-image-273\" title=\"TARTELETTES POTIMARRON, S\u00c9SAME NOIR, COMPOT\u00c9E DE MANGUE ET CONFITURE D'ABRICOT\" src=\"http:\/\/www.papillesetpapiers.fr\/wp-content\/uploads\/2016\/09\/tartelettes-1-e1487794079949-427x640.jpg\" alt=\"Tartelettes Potimarron, s\u00e9same noir, compot\u00e9e de mangue et confiture d'abricot\" width=\"293\" height=\"439\" \/><\/p>\n<hr \/>\n<p class=\"p3\"><em><span style=\"color: #ff0000;\"><b><span style=\"color: #bd1502;\">* Autres demandes \u00e0 \u00e9tudier :<\/span>\u00a0<\/b><\/span>couleurs, th\u00e8mes musicaux, clins d&rsquo;\u0153il cin\u00e9ma, litt\u00e9rature, chanson, menus personnalis\u00e9s \u00e0 inventer&#8230;<\/em><\/p>\n<p class=\"p1\" style=\"text-align: left;\"><strong>NB : Ces menus \u00e9voluent en fonction des saisons et peuvent s&rsquo;adapter aux r\u00e9gimes alimentaires particuliers (V\u00e9g\u00e9tariens, Vegan, sans gluten, sans lactose, sans \u0153ufs\u2026).<\/strong><\/p>\n<ul>\n<li class=\"p1\" style=\"text-align: center;\">\n<p style=\"text-align: left;\"><strong>Menus \u00e0 cuisiner sur place<\/strong><\/p>\n<\/li>\n<li class=\"p1\" style=\"text-align: left;\"><strong>Commande minimum 8 jours \u00e0 l&rsquo;avance<\/strong><\/li>\n<li class=\"p1\">\n<p style=\"text-align: left;\"><strong>Facture minimum 180\u20ac<\/strong><\/p>\n<\/li>\n<\/ul>\n","protected":false},"excerpt":{"rendered":"<p class=\"post-excerpt\">MENUS M.M.M.M&#8230; M\u00caLER LES METS, LES MOTS, LA MUSIQUE&#8230; Le concept :&hellip;<\/p>\n<div class=\"link-more\"><a href=\"http:\/\/www.papillesetpapiers.fr\/?page_id=439\">Poursuivre la lecture <span class=\"screen-reader-text\"> \"Menus M.M.M.M&#8230; Menus \u00e0 th\u00e8me&#8230;\"<\/span>&hellip;<\/a><\/div>","protected":false},"author":1,"featured_media":269,"parent":0,"menu_order":0,"comment_status":"closed","ping_status":"closed","template":"","meta":{"footnotes":""},"_links":{"self":[{"href":"http:\/\/www.papillesetpapiers.fr\/index.php?rest_route=\/wp\/v2\/pages\/439"}],"collection":[{"href":"http:\/\/www.papillesetpapiers.fr\/index.php?rest_route=\/wp\/v2\/pages"}],"about":[{"href":"http:\/\/www.papillesetpapiers.fr\/index.php?rest_route=\/wp\/v2\/types\/page"}],"author":[{"embeddable":true,"href":"http:\/\/www.papillesetpapiers.fr\/index.php?rest_route=\/wp\/v2\/users\/1"}],"replies":[{"embeddable":true,"href":"http:\/\/www.papillesetpapiers.fr\/index.php?rest_route=%2Fwp%2Fv2%2Fcomments&post=439"}],"version-history":[{"count":6,"href":"http:\/\/www.papillesetpapiers.fr\/index.php?rest_route=\/wp\/v2\/pages\/439\/revisions"}],"predecessor-version":[{"id":449,"href":"http:\/\/www.papillesetpapiers.fr\/index.php?rest_route=\/wp\/v2\/pages\/439\/revisions\/449"}],"wp:featuredmedia":[{"embeddable":true,"href":"http:\/\/www.papillesetpapiers.fr\/index.php?rest_route=\/wp\/v2\/media\/269"}],"wp:attachment":[{"href":"http:\/\/www.papillesetpapiers.fr\/index.php?rest_route=%2Fwp%2Fv2%2Fmedia&parent=439"}],"curies":[{"name":"wp","href":"https:\/\/api.w.org\/{rel}","templated":true}]}}