{"id":2,"date":"2016-05-09T12:22:52","date_gmt":"2016-05-09T10:22:52","guid":{"rendered":"http:\/\/www.papillesetpapiers.fr\/?page_id=2"},"modified":"2022-12-30T13:56:38","modified_gmt":"2022-12-30T12:56:38","slug":"page-d-exemple","status":"publish","type":"page","link":"https:\/\/www.papillesetpapiers.fr\/","title":{"rendered":"Besoin d&rsquo;une cuisini\u00e8re originale ? D&rsquo;une po\u00e9tesse ? Ou&#8230; Des deux \u00e0 la fois ?"},"content":{"rendered":"<h3 class=\"p1\"><\/h3>\n<h3 class=\"p1\" style=\"text-align: center;\"><em><img loading=\"lazy\" decoding=\"async\" class=\"wp-image-387 aligncenter\" src=\"http:\/\/www.papillesetpapiers.fr\/wp-content\/uploads\/2016\/05\/logoPPSite.png\" width=\"281\" height=\"281\" srcset=\"https:\/\/www.papillesetpapiers.fr\/wp-content\/uploads\/2016\/05\/logoPPSite.png 720w, https:\/\/www.papillesetpapiers.fr\/wp-content\/uploads\/2016\/05\/logoPPSite-595x595.png 595w\" sizes=\"(max-width: 281px) 100vw, 281px\" \/><\/em><\/h3>\n<h1 style=\"text-align: center;\"><\/h1>\n<hr \/>\n<h3 class=\"p1\" style=\"text-align: center;\"><em><span style=\"color: #bd1502;\"><strong>C\u00f4t\u00e9 Papilles :<\/strong> <\/span>\u00a0<\/em><a href=\"http:\/\/www.papillesetpapiers.fr\/?p=74\"><em>Repas \u00e0 domicile &#8211; \u00c9v\u00e9nements &#8211; Catering <\/em><\/a><\/h3>\n<h3 class=\"p1\" style=\"text-align: center;\"><a href=\"http:\/\/www.papillesetpapiers.fr\/?page_id=426\"><em>&#8211; Buffets Cocktails<\/em> <\/a><a href=\"http:\/\/www.papillesetpapiers.fr\/?p=80\"><em>\u00a0<\/em><\/a><em>&#8211; <a href=\"http:\/\/www.papillesetpapiers.fr\/?page_id=414\">Ateliers Cuisine<\/a> &#8211; <a href=\"http:\/\/www.papillesetpapiers.fr\/?page_id=439\">Menus th\u00e9matiques<\/a><\/em><\/h3>\n<h6 style=\"text-align: center;\"><strong><span style=\"color: #bd1502;\"><a href=\"http:\/\/www.papillesetpapiers.fr\/wp-content\/uploads\/2017\/03\/GRILLE-TARIFS-2023.pdf\" target=\"_blank\" rel=\"noopener noreferrer\">Grille tarifaire<\/a><\/span><\/strong><\/h6>\n<h3 class=\"p1\" style=\"text-align: center;\"><span style=\"color: #d81500;\"><em><span style=\"color: #bd1502;\">C\u00f4t\u00e9 Papiers :<\/span>\u00a0<\/em><\/span><a href=\"http:\/\/www.papillesetpapiers.fr\/?p=65\"><em>Repas-Spectacle &#8211; Performances &#8211; Lectures<\/em><\/a><\/h3>\n<h3 class=\"p1\" style=\"text-align: center;\"><em>&#8211; \u00c9criture po\u00e9tique sur mesure &#8211; Ateliers d&rsquo;\u00e9criture oralis\u00e9e<\/em><\/h3>\n<hr \/>\n<h3 style=\"text-align: center;\"><span style=\"color: #d81500;\">\u00a0<span style=\"color: #bd1502;\">Po\u00e8mes et Musique \u00e0 manger : \u00ab\u00a0Papilles et Papiers\u00a0\u00bb et \u00ab\u00a0My Honey\u00a0\u00bb<\/span><br \/>\n<span style=\"color: #bd1502;\"> Texte et Voix : D\u00e9b&rsquo;bo &#8211; Musique (ustensiles de cuisine) : Pierre-Yves Prothais<\/span><\/span><\/h3>\n<h3 style=\"text-align: center;\"><span style=\"color: #bd1502;\">Extraits du <a style=\"color: #bd1502;\" href=\"http:\/\/www.papillesetpapiers.fr\/?p=65\">repas-spectacle Papille &amp; Papier<\/a><\/span><\/h3>\n<!--[if lt IE 9]><script>document.createElement('audio');<\/script><![endif]-->\n\t<div class=\"wp-playlist wp-audio-playlist wp-playlist-light\">\n\t\t\t<div class=\"wp-playlist-current-item\"><\/div>\n\t\t<audio controls=\"controls\" preload=\"none\" width=\"938\"\n\t\t\t><\/audio>\n\t<div class=\"wp-playlist-next\"><\/div>\n\t<div class=\"wp-playlist-prev\"><\/div>\n\t<noscript>\n\t<ol>\n\t\t<li><a href='https:\/\/www.papillesetpapiers.fr\/wp-content\/uploads\/2016\/05\/Papilles_et_papiers_Musique.mp3'>Papilles et papiers<\/a><\/li><li><a href='https:\/\/www.papillesetpapiers.fr\/wp-content\/uploads\/2016\/05\/My-honey-Mix.mp3'>My honey<\/a><\/li>\t<\/ol>\n\t<\/noscript>\n\t<script type=\"application\/json\" class=\"wp-playlist-script\">{\"type\":\"audio\",\"tracklist\":true,\"tracknumbers\":true,\"images\":false,\"artists\":true,\"tracks\":[{\"src\":\"https:\\\/\\\/www.papillesetpapiers.fr\\\/wp-content\\\/uploads\\\/2016\\\/05\\\/Papilles_et_papiers_Musique.mp3\",\"type\":\"audio\\\/mpeg\",\"title\":\"Papilles et papiers\",\"caption\":\"\",\"description\":\"<i>Papilles_et_papiers_Musique<\\\/i> tir\\u00e9 de <i>Album de D\\u00e9borah Ribeiro<\\\/i> par D\\u00e9borah Ribeiro. Date de sortie&nbsp;: 2017.\",\"meta\":{\"artist\":\"D\\u00e9b'bo et P-Y Prothais\",\"album\":\"Papille et Papier\",\"year\":\"2017\",\"length_formatted\":\"4:03\"},\"image\":{\"src\":\"https:\\\/\\\/www.papillesetpapiers.fr\\\/wp-includes\\\/images\\\/media\\\/audio.svg\",\"width\":48,\"height\":64},\"thumb\":{\"src\":\"https:\\\/\\\/www.papillesetpapiers.fr\\\/wp-includes\\\/images\\\/media\\\/audio.svg\",\"width\":48,\"height\":64}},{\"src\":\"https:\\\/\\\/www.papillesetpapiers.fr\\\/wp-content\\\/uploads\\\/2016\\\/05\\\/My-honey-Mix.mp3\",\"type\":\"audio\\\/mpeg\",\"title\":\"My honey\",\"caption\":\"\",\"description\":\"<i>My honey Mix<\\\/i> tir\\u00e9 de <i>Album de D\\u00e9borah Ribeiro<\\\/i> par D\\u00e9borah Ribeiro. Date de sortie&nbsp;: 2016.\",\"meta\":{\"artist\":\"D\\u00e9b'bo et P-Y Prothais\",\"album\":\"Papille et Papier\",\"year\":\"2016\",\"length_formatted\":\"4:23\"},\"image\":{\"src\":\"https:\\\/\\\/www.papillesetpapiers.fr\\\/wp-includes\\\/images\\\/media\\\/audio.svg\",\"width\":48,\"height\":64},\"thumb\":{\"src\":\"https:\\\/\\\/www.papillesetpapiers.fr\\\/wp-includes\\\/images\\\/media\\\/audio.svg\",\"width\":48,\"height\":64}}]}<\/script>\n<\/div>\n\t\n<hr \/>\n<p class=\"p1\" style=\"text-align: center;\">Pour tout renseignement, ou demande de devis, contactez D\u00e9b&rsquo;bo :<\/p>\n<p class=\"p1\" style=\"text-align: center;\">papillesetpapiers@gmail.com<\/p>\n<p class=\"p1\" style=\"text-align: center;\">06.09.22.15.32<\/p>\n<h3 class=\"p1\" style=\"text-align: center;\"><span style=\"color: #bd1502;\"><a style=\"color: #bd1502;\" href=\"http:\/\/facebook.com\/papillesetpapiers\" target=\"_blank\" rel=\"noopener noreferrer\">facebook.com\/papillesetpapiers<\/a><\/span><\/h3>\n<p style=\"text-align: center;\"><strong>*** D\u00e9b&rsquo;bo<\/strong> a choisi d&rsquo;int\u00e9grer la <span style=\"color: #bd1502;\">Coop\u00e9rative d&rsquo;Activit\u00e9 et d&rsquo;Emploi <a style=\"color: #bd1502;\" href=\"http:\/\/cae35.coop\/coopentrepreneurs\/2430\/papilles-et-papiers\" target=\"_blank\" rel=\"noopener noreferrer\"><strong>\u00c9lan Cr\u00e9ateur<\/strong><\/a><\/span>, une alternative de l&rsquo;<strong>\u00c9conomie Sociale et Solidaire<\/strong> \u00e0 l&rsquo;entrepreneuriat individuel.<\/p>\n<p style=\"text-align: center;\"><strong>***<\/strong> L&rsquo;entreprise <strong>Papilles &amp; Papiers<\/strong> est soutenue par un <a href=\"http:\/\/www.cigales-bretagne.org\/\" target=\"_blank\" rel=\"noopener noreferrer\">C.I.G.A.L.E.S.<\/a> \u00ab\u00a0Coup de Pouce\u00a0\u00bb\u00a0(Club d&rsquo;Investisseurs pour une Gestion Alternative et Locale de \u00c9conomie Solidaire)<\/p>\n<p style=\"text-align: center;\">Photos du site<span style=\"color: #bd1502;\"> <a style=\"color: #bd1502;\" href=\"http:\/\/www.sebastienmerdrignacstylisteculinaire.com\/\" target=\"_blank\" rel=\"noopener noreferrer\">\u00a9S\u00e9bastien Merdrignac<\/a><\/span>\u00a0ou \u00a9D\u00e9b&rsquo;bo<\/p>\n","protected":false},"excerpt":{"rendered":"<p class=\"post-excerpt\">C\u00f4t\u00e9 Papilles : \u00a0Repas \u00e0 domicile &#8211; \u00c9v\u00e9nements &#8211; Catering &#8211; Buffets&hellip;<\/p>\n<div class=\"link-more\"><a href=\"https:\/\/www.papillesetpapiers.fr\/\">Poursuivre la lecture <span class=\"screen-reader-text\"> \"Besoin d&rsquo;une cuisini\u00e8re originale ? D&rsquo;une po\u00e9tesse ? Ou&#8230; Des deux \u00e0 la fois ?\"<\/span>&hellip;<\/a><\/div>","protected":false},"author":1,"featured_media":0,"parent":0,"menu_order":0,"comment_status":"closed","ping_status":"open","template":"","meta":{"footnotes":""},"_links":{"self":[{"href":"https:\/\/www.papillesetpapiers.fr\/index.php?rest_route=\/wp\/v2\/pages\/2"}],"collection":[{"href":"https:\/\/www.papillesetpapiers.fr\/index.php?rest_route=\/wp\/v2\/pages"}],"about":[{"href":"https:\/\/www.papillesetpapiers.fr\/index.php?rest_route=\/wp\/v2\/types\/page"}],"author":[{"embeddable":true,"href":"https:\/\/www.papillesetpapiers.fr\/index.php?rest_route=\/wp\/v2\/users\/1"}],"replies":[{"embeddable":true,"href":"https:\/\/www.papillesetpapiers.fr\/index.php?rest_route=%2Fwp%2Fv2%2Fcomments&post=2"}],"version-history":[{"count":29,"href":"https:\/\/www.papillesetpapiers.fr\/index.php?rest_route=\/wp\/v2\/pages\/2\/revisions"}],"predecessor-version":[{"id":490,"href":"https:\/\/www.papillesetpapiers.fr\/index.php?rest_route=\/wp\/v2\/pages\/2\/revisions\/490"}],"wp:attachment":[{"href":"https:\/\/www.papillesetpapiers.fr\/index.php?rest_route=%2Fwp%2Fv2%2Fmedia&parent=2"}],"curies":[{"name":"wp","href":"https:\/\/api.w.org\/{rel}","templated":true}]}}