{"id":434,"date":"2017-03-13T02:47:43","date_gmt":"2017-03-13T01:47:43","guid":{"rendered":"http:\/\/www.papillesetpapiers.fr\/?page_id=434"},"modified":"2017-03-13T02:59:52","modified_gmt":"2017-03-13T01:59:52","slug":"debbo-sa-cuisine-est-sa-poesie","status":"publish","type":"page","link":"https:\/\/www.papillesetpapiers.fr\/?page_id=434","title":{"rendered":"D\u00e9b&rsquo;bo&#8230; Sa cuisine e(s)t sa po\u00e9sie&#8230;"},"content":{"rendered":"<p class=\"p1\"><img loading=\"lazy\" decoding=\"async\" class=\"size-medium wp-image-33 aligncenter\" src=\"http:\/\/www.papillesetpapiers.fr\/wp-content\/uploads\/2016\/05\/debboTheChef-200x300.jpg\" alt=\"debboTheChef\" width=\"200\" height=\"300\" srcset=\"https:\/\/www.papillesetpapiers.fr\/wp-content\/uploads\/2016\/05\/debboTheChef-200x300.jpg 200w, https:\/\/www.papillesetpapiers.fr\/wp-content\/uploads\/2016\/05\/debboTheChef-683x1024.jpg 683w, https:\/\/www.papillesetpapiers.fr\/wp-content\/uploads\/2016\/05\/debboTheChef.jpg 720w\" sizes=\"(max-width: 200px) 100vw, 200px\" \/><\/p>\n<h3 class=\"p1\" style=\"text-align: center;\"><span style=\"color: #bd1502;\"><strong>D\u00e9b&rsquo;bo<\/strong><\/span><\/h3>\n<h3 class=\"p1\" style=\"text-align: center;\"><span style=\"color: #bd1502;\"><strong>Cuisini\u00e8re et Po\u00e9tesse : deux m\u00e9tiers de bouche !<\/strong><\/span><\/h3>\n<hr \/>\n<p style=\"text-align: center;\"><strong>\u00c0 \u00e9couter :<\/strong><\/p>\n<p style=\"text-align: center;\"><span style=\"color: #bd1502;\"><strong><a style=\"color: #bd1502;\" href=\"http:\/\/www.radiolaser.fr\/Papilles-et-Papiers-un-concept-original-entre-poesie-et-soul-food_a18212.html\" target=\"_blank\">*** Interview Radio Laser 10\/10\/2016 (3min)<\/a><\/strong><\/span><\/p>\n<p style=\"text-align: center;\"><span style=\"color: #bd1502;\"><strong><a style=\"color: #bd1502;\" href=\"http:\/\/www.radiolaser.fr\/Deb-Bo-de-Papilles-et-Papiers-nous-livre-des-recettes-automnales-succulentes_a18213.html\" target=\"_blank\">*** Interview Radio Laser+ Recettes 11\/10\/2016 (3min)<\/a><\/strong><\/span><\/p>\n<hr \/>\n<p class=\"p1\" style=\"text-align: justify;\">N\u00e9e \u00e0 Dakar au S\u00e9n\u00e9gal, mais <strong>issue d&rsquo;un m\u00e9tissage plan\u00e9taire<\/strong> (Cap-Vert, Vietnam, S\u00e9n\u00e9gal, Guadeloupe, Suisse), je suis arriv\u00e9e en Bretagne en 2001 pour entrer \u00e0 l&rsquo;\u00c9cole des <strong>Beaux-Arts de Rennes<\/strong>. Apr\u00e8s 5 ans d&rsquo;\u00e9tudes, un Dipl\u00f4me Sup\u00e9rieure d&rsquo;\u00c9tudes Plastiques option Communication, et une d\u00e9couverte de la pratique du <strong>Slam<\/strong> en parall\u00e8le, j&rsquo;ai choisi d&rsquo;explorer la voie de la <strong>po\u00e9sie<\/strong> et du <strong>spectacle vivant<\/strong>. Ces\u00a010 derni\u00e8res ann\u00e9es, j&rsquo;ai cr\u00e9\u00e9 ou co-\u00e9crit plusieurs spectacles &#8211; a cappella ou en musique, en solo, duo, trio, quintet ou plus gros collectifs ; collabor\u00e9 avec des po\u00e8tes, musiciens, peintres, vid\u00e9astes, photographes, dessinateurs, danseurs, cuisiniers ; et donn\u00e9 de nombreux ateliers d&rsquo;\u00e9criture oralis\u00e9e.<\/p>\n<p class=\"p1\" style=\"text-align: justify;\"><strong>Mais depuis l&rsquo;enfance,\u00a0<\/strong><strong>j\u2019ai toujours eu une passion pour la cuisine<\/strong>, notamment gr\u00e2ce \u00e0 des parents culinairement m\u00e9tiss\u00e9s, curieux et fins gourmets, et \u00e0 une grand-m\u00e8re vietnamienne restauratrice. Cette passion s\u2019est d\u00e9velopp\u00e9e en rencontrant des cuisiniers et des gourmets au fil de mes voyages et migrations, ainsi qu&rsquo;au cours de plusieurs exp\u00e9riences professionnelles ou encore de b\u00e9n\u00e9volat associatif en restauration. <b>La cuisine est pour moi le seul art qui produit une po\u00e9sie\u00a0que l\u2019on ing\u00e8re&#8230; et le seul qui parle aux 5 sens \u00e0 la fois.<\/b> C\u2019est un oc\u00e9an d\u2019images, de sons, d\u2019expressions fleuries, de senteurs et de sensations&#8230; dans lequel j\u2019ai notamment puis\u00e9 la mati\u00e8re n\u00e9cessaire \u00e0 l\u2019\u00e9criture d&rsquo;un repas-spectacle intitul\u00e9 \u00ab\u00a0Papille et Papier\u00a0\u00bb, en 2013. Ce spectacle\u00a0se retrouve aujourd&rsquo;hui \u00e0 l&rsquo;origine du nom de <strong>mon entreprise<\/strong> d\u00e9di\u00e9e \u00e0 la<strong><em> Cuisine voyageuse et<\/em><\/strong> \u00e0 la <strong><em>Po\u00e9sie gourmande<\/em> :\u00a0<\/strong><strong>Papilles et Papiers<\/strong>.<\/p>\n<p class=\"p1\" style=\"text-align: justify;\">La cuisine ainsi que le partage d\u2019un repas sont des\u00a0choses communes \u00e0 toutes les civilisations. Dans\u00a0toutes les cuisines, il est question de\u00a0n\u00e9cessit\u00e9 vitale mais aussi de plaisir, de lien \u00e0 la terre,\u00a0\u00e0 la mer, aux saisons, \u00e0 la Nature en somme, de partage,\u00a0de transmission, d\u2019h\u00e9ritage, d\u2019\u00e9veil et de curiosit\u00e9,\u00a0de cr\u00e9ativit\u00e9&#8230;<\/p>\n<p class=\"p1\" style=\"text-align: justify;\">Dans le monde actuel, toutes les cuisines sont\u00a0m\u00e9tiss\u00e9es que les mains mises \u00e0 la p\u00e2te en aient\u00a0conscience ou non. Au terme de \u00abfusion\u00bb qui tend \u00e0\u00a0cr\u00e9er un nouveau moule commun dans lequel toutes\u00a0les cuisines devraient se fondre, je pr\u00e9f\u00e8re celui de\u00a0<span style=\"color: #bd1502;\"><strong><a style=\"color: #bd1502;\" href=\"http:\/\/www.edouardglissant.fr\/creolisation.html\" target=\"_blank\">\u00abcr\u00e9olisation\u00bb cher \u00e0 \u00c9douard Glissant<\/a><\/strong><\/span>, qui encourage \u00e0\u00a0avoir pleine conscience de toutes les particules qui\u00a0composent notre assiette, pour mieux en appr\u00e9cier\u00a0l\u2019unique et inattendue alchimie. \u00c9veiller le palais de\u00a0chacun \u00e0 la cr\u00e9olit\u00e9 ne saurait mettre en danger sa\u00a0capacit\u00e9 \u00e0 appr\u00e9cier l\u2019authenticit\u00e9 des mets traditionnels\u00a0qui nous sont chers.\u00a0<strong><em>Cuisiner est une fa\u00e7on de\u00a0voyager et de faire voyager !<\/em><\/strong><\/p>\n<blockquote>\n<p class=\"p1\"><strong>Je propose une version bien \u00e0 moi de la \u201cSoul food\u201d en la prenant au pied de la lettre, le c\u0153ur de l\u2019\u00eatre : \u201cnourriture de l\u2019\u00e2me\u201d\u2026<\/strong><\/p>\n<\/blockquote>\n<p class=\"p1\" style=\"text-align: center;\"><strong>C\u00f4t\u00e9 Papilles : <\/strong>du go\u00fbt et de l\u2019\u00e9vasion, une cuisine conviviale, cr\u00e9ative, m\u00e9tiss\u00e9e et raisonn\u00e9e\u2026 th\u00e9matique ou pas, v\u00e9g\u00e9tarienne ou pas, adaptable dans tous les cas !<\/p>\n<p class=\"p1\" style=\"text-align: center;\"><strong>C\u00f4t\u00e9 Papiers :<\/strong> une po\u00e9sie rythm\u00e9e, de l\u2019humour et de la chaleur humaine !<\/p>\n<blockquote>\n<p class=\"p1\" style=\"text-align: center;\"><em><strong>Les 5 sens et les lettres pour toucher \u00e0 l\u2019essence de l\u2019\u00eatre&#8230;<\/strong><\/em><\/p>\n<\/blockquote>\n<hr \/>\n<p class=\"p1\" style=\"text-align: justify;\">Pour vos<strong><span style=\"color: #bd1502;\"><a style=\"color: #bd1502;\" href=\"http:\/\/www.papillesetpapiers.fr\/?p=80\"> repas et buffets<\/a><\/span>, <span style=\"color: #bd1502;\"><a style=\"color: #bd1502;\" href=\"http:\/\/www.papillesetpapiers.fr\/?p=180\">th\u00e9matiques<\/a><\/span> ou non, \u00e0 domicile ou ailleurs <\/strong>&#8211; entre amis, familiaux ou associatifs &#8211;<strong>\u00a0pour 8 \u00e0 120\u00a0personnes.<\/strong><\/p>\n<p class=\"p1\" style=\"text-align: justify;\">Pour des<span style=\"color: #bd1502;\"><a style=\"color: #bd1502;\" href=\"http:\/\/www.papillesetpapiers.fr\/?p=364\"><strong> ateliers culinaires voyageurs <\/strong><\/a><\/span>&#8211; apprendre \u00e0 faire des Rouleaux de Printemps m\u00e9tiss\u00e9s et in\u00e9dits, un Poulet Maf\u00e9 ou encore des Makis et Sushis funky&#8230;<\/p>\n<p class=\"p1\" style=\"text-align: justify;\">Pour recevoir les<strong>\u00a0<span style=\"color: #bd1502;\"><a style=\"color: #bd1502;\" href=\"http:\/\/www.papillesetpapiers.fr\/?p=65\">Repas-Spectacles<\/a><\/span> :<\/strong><\/p>\n<ul>\n<li class=\"p1\" style=\"text-align: justify;\"><strong>\u00ab\u00a0Papille et Papier\u00a0\u00bb,<\/strong>\u00a0po\u00e8mes de D\u00e9b&rsquo;bo, a cappella ou en musique avec le\u00a0percussionniste et homme-orchestre <span style=\"color: #bd1502;\"><a style=\"color: #bd1502;\" href=\"http:\/\/www.pierre-yvesprothais.com\/\" target=\"_blank\">Pierre-Yves Prothais<\/a><\/span> et sa\u00a0batterie de cuisine&#8230;<\/li>\n<li class=\"p1\" style=\"text-align: justify;\"><strong>\u00ab\u00a0Femmes du Monde\u00a0\u00bb, <\/strong>po\u00e8mes de D\u00e9b&rsquo;bo et lectures d&rsquo;auteures contemporaines,<strong>\u00a0<\/strong>a cappella ou en musique avec la pianiste Lise Van Dooren<\/li>\n<li class=\"p1\" style=\"text-align: justify;\"><strong>ou d&rsquo;<span style=\"color: #bd1502;\"><a style=\"color: #bd1502;\" href=\"http:\/\/www.papillesetpapiers.fr\/wp-content\/uploads\/2016\/09\/Cataloque-Papilles_et_Papiers.pdf\" target=\"_blank\">autres formules..<\/a>.<\/span><\/strong><\/li>\n<\/ul>\n<blockquote>\n<p class=\"p1\">N&rsquo;h\u00e9sitez pas, contactez-moi !<\/p>\n<p class=\"p1\"><strong>Mel. : papillesetpapiers@gmail.com<\/strong><\/p>\n<p class=\"p1\"><strong>Tel. : 06.09.22.15.32<\/strong><\/p>\n<p class=\"p1\"><span style=\"color: #bd1502;\"><a style=\"color: #bd1502;\" href=\"http:\/\/www.facebook.com\/papillesetpapiers\" target=\"_blank\">www.facebook.com\/papillesetpapiers<\/a><\/span><\/p>\n<\/blockquote>\n<p style=\"text-align: justify;\"><span style=\"color: #bd1502;\"><a style=\"color: #bd1502;\" href=\"http:\/\/cae35.coop\/coopentrepreneurs\/2430\/papilles-et-papiers\">Coop&rsquo;Entrepreuneure chez \u00c9lan Cr\u00e9ateur, Coop\u00e9rative d&rsquo;Activit\u00e9 et d&rsquo;Emploi<\/a><\/span>\u00a0&#8211;\u00a0J&rsquo;ai choisi cette forme d&rsquo;entrepreunariat qui rel\u00e8ve de l&rsquo;\u00c9conomie Sociale et Solidaire pour cr\u00e9er mon activit\u00e9, car comme le Slam, une CAE est faite Par et Pour tous ceux et toutes celles qui s&rsquo;y engagent. C&rsquo;est une alternative collective, participative, impliquante et solidaire \u00e0 l&rsquo;entreprise individuelle classique. Quand l&rsquo;\u00e9change et le partage nous sont essentiels&#8230; ne pas \u00eatre seul.e pour \u00ab\u00a0entreprendre\u00a0\u00bb, c&rsquo;est un bon d\u00e9but !<\/p>\n<hr \/>\n<p><em><strong>*D\u00e9b&rsquo;bo :\u00a0<\/strong>initialement le diminutif de mon pr\u00e9nom (D\u00e9borah, qui lui signifie \u00ab\u00a0abeille\u00a0\u00bb en h\u00e9breu), j&rsquo;ai modifi\u00e9 son orthographe &#8211; et sa prononciation &#8211; pour devenir \u00ab\u00a0D\u00e9b&rsquo;bo\u00a0\u00bb, un pr\u00e9nom Peuhl qui signifie \u00ab\u00a0La Femme\u00a0\u00bb.<\/em><\/p>\n<hr \/>\n<p class=\"p1\"><strong>** Gagnante du Concours de Cuisine THE CHEF<\/strong> en D\u00e9cembre 2015, jug\u00e9 par trois grands chefs \u00e9toil\u00e9s de Rennes : David Etcheverry &#8211; Le Saison ;\u00a0Julien Lemari\u00e9 &#8211; La Coquerie &#8211; Le Coq Gadby ; et Rachel Gesbert &#8211; La Fontaine aux perles !<\/p>\n<p class=\"p1\"><img loading=\"lazy\" decoding=\"async\" class=\"alignnone size-medium wp-image-90\" src=\"http:\/\/www.papillesetpapiers.fr\/wp-content\/uploads\/2016\/05\/12342814_536738126492423_6244854848149062205_n-300x200.jpg\" alt=\"12342814_536738126492423_6244854848149062205_n\" width=\"300\" height=\"200\" srcset=\"https:\/\/www.papillesetpapiers.fr\/wp-content\/uploads\/2016\/05\/12342814_536738126492423_6244854848149062205_n-300x200.jpg 300w, https:\/\/www.papillesetpapiers.fr\/wp-content\/uploads\/2016\/05\/12342814_536738126492423_6244854848149062205_n-768x512.jpg 768w, https:\/\/www.papillesetpapiers.fr\/wp-content\/uploads\/2016\/05\/12342814_536738126492423_6244854848149062205_n.jpg 960w\" sizes=\"(max-width: 300px) 100vw, 300px\" \/><img loading=\"lazy\" decoding=\"async\" class=\"alignnone size-medium wp-image-91\" src=\"http:\/\/www.papillesetpapiers.fr\/wp-content\/uploads\/2016\/05\/12346575_536738033159099_295601829788860656_n-300x200.jpg\" alt=\"12346575_536738033159099_295601829788860656_n\" width=\"300\" height=\"200\" srcset=\"https:\/\/www.papillesetpapiers.fr\/wp-content\/uploads\/2016\/05\/12346575_536738033159099_295601829788860656_n-300x200.jpg 300w, https:\/\/www.papillesetpapiers.fr\/wp-content\/uploads\/2016\/05\/12346575_536738033159099_295601829788860656_n-768x512.jpg 768w, https:\/\/www.papillesetpapiers.fr\/wp-content\/uploads\/2016\/05\/12346575_536738033159099_295601829788860656_n.jpg 960w\" sizes=\"(max-width: 300px) 100vw, 300px\" \/><\/p>\n<hr \/>\n<p><strong>***<\/strong>\u00a0<span style=\"color: #bd1502;\"><a style=\"color: #bd1502;\" href=\"http:\/\/www.ouest-france.fr\/bretagne\/rennes-35000\/concours-chef-les-six-finalistes-3886231\" target=\"_blank\">article Ouest France<\/a><\/span>\u00a0Novembre 2015<\/p>\n<p><a href=\"https:\/\/www.facebook.com\/papillesetpapiers\/photos\/a.316527738696830.1073741831.290708407945430\/322632521419685\/?type=3&amp;theater\" target=\"_blank\"><img loading=\"lazy\" decoding=\"async\" class=\"alignnone wp-image-201 size-medium\" title=\"Article Papilles &amp; Papiers 09\/2016\" src=\"http:\/\/www.papillesetpapiers.fr\/wp-content\/uploads\/2016\/05\/article_OF_PetP-295x300.jpg\" alt=\"article_Ouest_France_09\/2016\" width=\"295\" height=\"300\" srcset=\"https:\/\/www.papillesetpapiers.fr\/wp-content\/uploads\/2016\/05\/article_OF_PetP-295x300.jpg 295w, https:\/\/www.papillesetpapiers.fr\/wp-content\/uploads\/2016\/05\/article_OF_PetP.jpg 750w\" sizes=\"(max-width: 295px) 100vw, 295px\" \/><\/a><\/p>\n","protected":false},"excerpt":{"rendered":"<p class=\"post-excerpt\">D\u00e9b&rsquo;bo Cuisini\u00e8re et Po\u00e9tesse : deux m\u00e9tiers de bouche ! \u00c0 \u00e9couter&hellip;<\/p>\n<div class=\"link-more\"><a href=\"https:\/\/www.papillesetpapiers.fr\/?page_id=434\">Poursuivre la lecture <span class=\"screen-reader-text\"> \"D\u00e9b&rsquo;bo&#8230; Sa cuisine e(s)t sa po\u00e9sie&#8230;\"<\/span>&hellip;<\/a><\/div>","protected":false},"author":1,"featured_media":329,"parent":0,"menu_order":0,"comment_status":"closed","ping_status":"closed","template":"","meta":{"footnotes":""},"_links":{"self":[{"href":"https:\/\/www.papillesetpapiers.fr\/index.php?rest_route=\/wp\/v2\/pages\/434"}],"collection":[{"href":"https:\/\/www.papillesetpapiers.fr\/index.php?rest_route=\/wp\/v2\/pages"}],"about":[{"href":"https:\/\/www.papillesetpapiers.fr\/index.php?rest_route=\/wp\/v2\/types\/page"}],"author":[{"embeddable":true,"href":"https:\/\/www.papillesetpapiers.fr\/index.php?rest_route=\/wp\/v2\/users\/1"}],"replies":[{"embeddable":true,"href":"https:\/\/www.papillesetpapiers.fr\/index.php?rest_route=%2Fwp%2Fv2%2Fcomments&post=434"}],"version-history":[{"count":3,"href":"https:\/\/www.papillesetpapiers.fr\/index.php?rest_route=\/wp\/v2\/pages\/434\/revisions"}],"predecessor-version":[{"id":437,"href":"https:\/\/www.papillesetpapiers.fr\/index.php?rest_route=\/wp\/v2\/pages\/434\/revisions\/437"}],"wp:featuredmedia":[{"embeddable":true,"href":"https:\/\/www.papillesetpapiers.fr\/index.php?rest_route=\/wp\/v2\/media\/329"}],"wp:attachment":[{"href":"https:\/\/www.papillesetpapiers.fr\/index.php?rest_route=%2Fwp%2Fv2%2Fmedia&parent=434"}],"curies":[{"name":"wp","href":"https:\/\/api.w.org\/{rel}","templated":true}]}}