{"id":460,"date":"2019-10-31T19:21:14","date_gmt":"2019-10-31T18:21:14","guid":{"rendered":"http:\/\/www.papillesetpapiers.fr\/?page_id=460"},"modified":"2019-11-01T09:51:08","modified_gmt":"2019-11-01T08:51:08","slug":"le-marche-a-manger-du-3-novembre-2019-menu-m-m-m-m-playlist","status":"publish","type":"page","link":"https:\/\/www.papillesetpapiers.fr\/?page_id=460","title":{"rendered":"Le March\u00e9 \u00e0 Manger du 3 Novembre 2019 &#8211; Menu M.M.M.M&#8230; Playlist"},"content":{"rendered":"<p><strong><a href=\"http:\/\/www.papillesetpapiers.fr\/?page_id=439\" target=\"_blank\" rel=\"noopener noreferrer\">Menu M.M.M.M&#8230;<\/a> &#8211; M\u00ealons les Mets, les Mots, la Musique&#8230;<\/strong><\/p>\n<h3><strong><span style=\"color: #000000;\">POUR \u00c9COUTER LES TITRES CLIQUEZ SUR LES MOTS EN ROUGES CI-DESSOUS !<\/span><\/strong><\/h3>\n<p>&nbsp;<\/p>\n<p><strong>SECRETS SAL\u00c9S<\/strong><\/p>\n<p><strong>&#8211; Velout\u00e9 Magique <a href=\"https:\/\/youtu.be\/TvnYmWpD_T8\" target=\"_blank\" rel=\"noopener noreferrer\">\u00ab\u00a0Purple Rain\u00a0\u00bb<\/a><\/strong> : Chou rouge et autres l\u00e9gumes de saison cuits dans un bouillon fa\u00e7on Tha\u00ef (lait de riz et coco, feuilles de citron kaffir, coriandre, galanga, et citronnelle fra\u00eeche du coin !), servi avec quelques paillettes d&rsquo;algues dulse de Bretagne et&#8230; un quartier de citron pour l&rsquo;effet magique ! Sur ce titre phare du regrett\u00e9 PRINCE !<\/p>\n<p><strong><a href=\"https:\/\/youtu.be\/mcCK99wHrk0\" target=\"_blank\" rel=\"noopener noreferrer\">&#8211; Rapper&rsquo;s Delight <\/a><\/strong>: <em>\u00ab\u00a0&#8230; I&rsquo;d like to say Hello to the black, the white, the red and the brown, the purple and yellow !\u00a0\u00bb<\/em> &#8211; Riz saut\u00e9 aux haricots noirs et poulet de Janz\u00e9 marin\u00e9, sauce rouge fa\u00e7on Nouvelle-Orl\u00e9ans, Coleslaw de chou rouge et carotte jaune. En hommage aux 40 ans de ce titre du SUGAR HILL GANG qui marque le d\u00e9but de l&rsquo;expansion plan\u00e9taire du Hip-Hop, retrouvez dans ce plat toutes les couleurs salu\u00e9es par Wonder Mike dans ce morceau culte !<\/p>\n<p>&nbsp;<\/p>\n<p><strong>SUCR\u00c9S SCELL\u00c9S<\/strong><\/p>\n<p><strong><a href=\"https:\/\/youtu.be\/DGZcc37lxN8\" target=\"_blank\" rel=\"noopener noreferrer\">&#8211; Gangamix Crumble<\/a><\/strong> : Pomme Carotte Banane Balsamique et Cro\u00fbte Ma\u00efs S\u00e9same. Quoi de plus appropri\u00e9 que le titre \u00ab\u00a0Are you ready to crumble ?\u00a0\u00bb tir\u00e9 de l&rsquo;album du m\u00eame nom, du groupe rennais GANGAMIX, men\u00e9 par mon comp\u00e8re Pierre-Yves Prothais &#8211; percussionniste homme-orchestre qui joue \u00e9galement des ustensiles de cuisine dans <a href=\"http:\/\/www.papillesetpapiers.fr\/?p=65\" target=\"_blank\" rel=\"noopener noreferrer\">le repas-spectacle Papilles &amp; Papiers<\/a> et donc sur les 2 po\u00e8mes en \u00e9coute sur ce site. Gangamix propose de la musique semi-improvis\u00e9e et cette recette est \u00e9galement le fruit d&rsquo;une improvisation. Un dimanche de \u00ab\u00a0battle de crumble\u00a0\u00bb entre copains, ce n&rsquo;est qu&rsquo; 1h30 avant le rdv que je me rappelle qu&rsquo;il s&rsquo;agit d&rsquo;un go\u00fbter \u00e0 th\u00e8me. En fruit je n&rsquo;ai qu&rsquo;une banane et un tout petit reste de compote de pomme ! C&rsquo;est l\u00e0 que je vois des carottes et les ajoute&#8230; mais tout cela manque d&rsquo;acidit\u00e9 et je n&rsquo;ai pas de citron ! Et l\u00e0&#8230; Eureka ! Du vinaigre balsamique !!! J&rsquo;ai donc gagn\u00e9 le battle et depuis cette recette est devenue un de mes desserts f\u00e9tiches !<\/p>\n<p><strong>&#8211; Beignets Xhew Coco &amp; Sauce Caramel &#8211; Caf\u00e9 <a href=\"https:\/\/youtu.be\/njFE1kamgHw\" target=\"_blank\" rel=\"noopener noreferrer\">Touba<\/a> <\/strong>: Beignets s\u00e9n\u00e9galais (habituellement distribu\u00e9s en petits paquets dans les f\u00eates, mariages, bapt\u00eames&#8230;) et sauce au Caf\u00e9 Touba. Ce caf\u00e9 est aromatis\u00e9 au \u00ab\u00a0djar\u00a0\u00bb ou \u00ab\u00a0poivre de Selim\u00a0\u00bb. Cheick Amadou Bamba &#8211; \u00e9galement appel\u00e9 Serigne Touba, fondateur de la confr\u00e9rie musulmane soufie des Mourides &#8211; a ramen\u00e9 cette \u00e9pice du Gabon o\u00f9 il fut envoy\u00e9 en exil par le colonisateur fran\u00e7ais. Ce caf\u00e9 est aujourd&rsquo;hui une boisson typique su S\u00e9n\u00e9gal. Le titre \u00ab\u00a0Bamba Sunu Goorgui\u00a0\u00bb du chanteur CHEICK LO est un hommage \u00e0 ce chef religieux et figure de la r\u00e9sistance anti-coloniale.<\/p>\n","protected":false},"excerpt":{"rendered":"<p class=\"post-excerpt\">Menu M.M.M.M&#8230; &#8211; M\u00ealons les Mets, les Mots, la Musique&#8230; POUR \u00c9COUTER&hellip;<\/p>\n<div class=\"link-more\"><a href=\"https:\/\/www.papillesetpapiers.fr\/?page_id=460\">Poursuivre la lecture <span class=\"screen-reader-text\"> \"Le March\u00e9 \u00e0 Manger du 3 Novembre 2019 &#8211; Menu M.M.M.M&#8230; Playlist\"<\/span>&hellip;<\/a><\/div>","protected":false},"author":1,"featured_media":0,"parent":0,"menu_order":0,"comment_status":"closed","ping_status":"closed","template":"","meta":{"footnotes":""},"_links":{"self":[{"href":"https:\/\/www.papillesetpapiers.fr\/index.php?rest_route=\/wp\/v2\/pages\/460"}],"collection":[{"href":"https:\/\/www.papillesetpapiers.fr\/index.php?rest_route=\/wp\/v2\/pages"}],"about":[{"href":"https:\/\/www.papillesetpapiers.fr\/index.php?rest_route=\/wp\/v2\/types\/page"}],"author":[{"embeddable":true,"href":"https:\/\/www.papillesetpapiers.fr\/index.php?rest_route=\/wp\/v2\/users\/1"}],"replies":[{"embeddable":true,"href":"https:\/\/www.papillesetpapiers.fr\/index.php?rest_route=%2Fwp%2Fv2%2Fcomments&post=460"}],"version-history":[{"count":8,"href":"https:\/\/www.papillesetpapiers.fr\/index.php?rest_route=\/wp\/v2\/pages\/460\/revisions"}],"predecessor-version":[{"id":471,"href":"https:\/\/www.papillesetpapiers.fr\/index.php?rest_route=\/wp\/v2\/pages\/460\/revisions\/471"}],"wp:attachment":[{"href":"https:\/\/www.papillesetpapiers.fr\/index.php?rest_route=%2Fwp%2Fv2%2Fmedia&parent=460"}],"curies":[{"name":"wp","href":"https:\/\/api.w.org\/{rel}","templated":true}]}}